{"id":5257,"date":"2025-03-13T14:12:08","date_gmt":"2025-03-13T12:12:08","guid":{"rendered":"https:\/\/mitropolituldosoftei.ro\/?page_id=5257"},"modified":"2025-04-07T02:44:04","modified_gmt":"2025-04-06T23:44:04","slug":"nivelul-liceal","status":"publish","type":"page","link":"https:\/\/mitropolituldosoftei.ro\/?page_id=5257","title":{"rendered":"Nivelul liceal"},"content":{"rendered":"<section class=\"wpb-content-wrapper\"><p>[vc_row][vc_column width=&#8221;1\/2&#8243;][vc_empty_space][vc_empty_space][stm_title title_tag=&#8221;h2&#8243; title=&#8221;Ce ne propunem?&#8221;]<strong>Oferta educa\u021bional\u0103 pentru anul \u0219colar 2025-2026<\/strong>[\/stm_title][vc_column_text]<\/p>\n<ol style=\"list-style-type: upper-roman;\">\n<li>Urm\u0103rim formarea omului \u00een dualitatea sa, trup \u0219i suflet \u0219i punem accent deopotriv\u0103 pe \u00eenv\u0103\u021barea cognitiv\u0103, socio-emo\u021bional\u0103 \u0219i spiritual\u0103.<\/li>\n<li>Competen\u021bele dezvoltate prin activitatea educa\u021bional\u0103 \u00ee\u0219i g\u0103sesc adev\u0103rata finalitate \u00een m\u0103sura \u00een care urm\u0103resc un sistem axiologic autentic. De aceea avem \u00een vedere formarea unor tineri preg\u0103ti\u021bi pentru societatea de m\u00e2ine, prin promovarea \u0219i tr\u0103irea \u00een cadrul \u0219colii a valorilor incontestabile ale Ortodoxiei, ca r\u0103spunsuri suficiente \u0219i mereu actuale pentru provoc\u0103rile \u0219i \u00eentreb\u0103rile societ\u0103\u021bii contemporane \u0219i ca surs\u0103 inepuizabil\u0103 de cuno\u0219tin\u021be formatoare de abilit\u0103\u021bi \u0219i atitudini necesare pentru a reu\u0219i \u00een via\u021b\u0103 \u0219i pentru a deveni adev\u0103ra\u021bi membri ai Bisericii.<\/li>\n<li>\u0218tim c\u0103 adev\u0103ratele valori se \u00eenva\u021b\u0103 prin vedere, prin experimentare \u0219i prin tr\u0103ire. De aceea ne propunem o \u00eembinare a muncii intelectuale cu rug\u0103ciunea, a timpului petrecut \u00een sala de clas\u0103 cu cel petrecut \u00een Paraclisul \u0219colii sau prin ac\u021biuni extra\u0219colare de calitate, o lucrare continu\u0103 dedicat\u0103 form\u0103rii personale a fiec\u0103rui elev \u0219i cre\u0219terii duhovnice\u0219ti, prin raportare la ceilal\u021bi.<\/li>\n<\/ol>\n<p>[\/vc_column_text][\/vc_column][vc_column width=&#8221;1\/2&#8243;][stm_single_image img_id=&#8221;5261&#8243; img_size=&#8221;755&#215;562&#8243;][\/vc_column][\/vc_row][vc_row][vc_column][vc_empty_space][stm_title title_tag=&#8221;h2&#8243; title=&#8221;Baza material\u0103 destinat\u0103 activit\u0103\u021bilor cu elevii&#8221;]<strong>Baza material\u0103 destinat\u0103 activit\u0103\u021bilor cu elevii<\/strong>[\/stm_title][vc_column_text]<\/p>\n<ul>\n<li>s\u0103li de clas\u0103 moderne, echipate adecvat pentru desf\u0103\u0219urarea unor activit\u0103\u021bi didactice de calitate<\/li>\n<li>Paraclis<\/li>\n<li>internat \u0219i cantin\u0103<\/li>\n<li>cabinet de consiliere psihologic\u0103<\/li>\n<li>cabinet medical<\/li>\n<li>cabinet de informatic\u0103<\/li>\n<li>SmartLab<\/li>\n<li>bibliotec\u0103<\/li>\n<li>cabinet de studiu biblic<\/li>\n<li>sal\u0103 de muzic\u0103<\/li>\n<li>alte spa\u021bii necesare desf\u0103\u0219ur\u0103rii unui act didactic de calitate<\/li>\n<\/ul>\n<p>[\/vc_column_text][\/vc_column][\/vc_row][vc_row][vc_column][vc_empty_space][stm_title title_tag=&#8221;h2&#8243; title=&#8221;Ce ne mai recomand\u0103?&#8221;]<strong>Ce ne mai recomand\u0103?<\/strong>[\/stm_title][vc_column_text]<\/p>\n<ul>\n<li>personal didactic calificat 100%<\/li>\n<li>cadre didactice motivate, deschise spre inova\u021bie \u0219i spre perfec\u021bionare continu\u0103<\/li>\n<li>marea majoritate a disciplinelor de specialitate sunt predate de profesori care au absolvit studii doctorale<\/li>\n<li>rezultate deosebite ob\u021binute de elevi la olimpiade \u0219i concursuri \u0219colare<\/li>\n<li>ultimul procent de promovabilitate la un examen na\u021bional (bacalaureat) a fost 96%<\/li>\n<\/ul>\n<p>[\/vc_column_text][\/vc_column][\/vc_row][vc_row][vc_column][vc_empty_space][vc_custom_heading text=&#8221;Galerie Foto&#8221;][\/vc_column][\/vc_row][vc_row full_width=&#8221;stretch_row_content_no_spaces&#8221;][vc_column][stm_gallery][\/vc_column][\/vc_row]<\/p>\n<\/section>","protected":false},"excerpt":{"rendered":"<p>[vc_row][vc_column width=&#8221;1\/2&#8243;][vc_empty_space][vc_empty_space][stm_title title_tag=&#8221;h2&#8243; title=&#8221;Ce ne propunem?&#8221;]Oferta educa\u021bional\u0103 pentru anul \u0219colar 2025-2026[\/stm_title][vc_column_text] Urm\u0103rim formarea omului \u00een dualitatea sa, trup \u0219i suflet \u0219i punem accent deopotriv\u0103 pe \u00eenv\u0103\u021barea cognitiv\u0103, socio-emo\u021bional\u0103 \u0219i spiritual\u0103. Competen\u021bele dezvoltate prin activitatea educa\u021bional\u0103 \u00ee\u0219i g\u0103sesc adev\u0103rata finalitate \u00een m\u0103sura \u00een care urm\u0103resc un sistem axiologic autentic. De aceea avem \u00een vedere formarea unor [&hellip;]<\/p>\n","protected":false},"author":2,"featured_media":0,"parent":0,"menu_order":0,"comment_status":"closed","ping_status":"closed","template":"","meta":{"footnotes":""},"class_list":["post-5257","page","type-page","status-publish","hentry"],"_links":{"self":[{"href":"https:\/\/mitropolituldosoftei.ro\/index.php?rest_route=\/wp\/v2\/pages\/5257","targetHints":{"allow":["GET"]}}],"collection":[{"href":"https:\/\/mitropolituldosoftei.ro\/index.php?rest_route=\/wp\/v2\/pages"}],"about":[{"href":"https:\/\/mitropolituldosoftei.ro\/index.php?rest_route=\/wp\/v2\/types\/page"}],"author":[{"embeddable":true,"href":"https:\/\/mitropolituldosoftei.ro\/index.php?rest_route=\/wp\/v2\/users\/2"}],"replies":[{"embeddable":true,"href":"https:\/\/mitropolituldosoftei.ro\/index.php?rest_route=%2Fwp%2Fv2%2Fcomments&post=5257"}],"version-history":[{"count":4,"href":"https:\/\/mitropolituldosoftei.ro\/index.php?rest_route=\/wp\/v2\/pages\/5257\/revisions"}],"predecessor-version":[{"id":5830,"href":"https:\/\/mitropolituldosoftei.ro\/index.php?rest_route=\/wp\/v2\/pages\/5257\/revisions\/5830"}],"wp:attachment":[{"href":"https:\/\/mitropolituldosoftei.ro\/index.php?rest_route=%2Fwp%2Fv2%2Fmedia&parent=5257"}],"curies":[{"name":"wp","href":"https:\/\/api.w.org\/{rel}","templated":true}]}}