{"id":4648,"date":"2023-07-27T10:45:52","date_gmt":"2023-07-27T10:45:52","guid":{"rendered":"https:\/\/spin-software.com\/scoala\/?page_id=4648"},"modified":"2025-04-07T02:39:59","modified_gmt":"2025-04-06T23:39:59","slug":"echipa-executiva","status":"publish","type":"page","link":"https:\/\/mitropolituldosoftei.ro\/?page_id=4648","title":{"rendered":"Echipa managerial\u0103"},"content":{"rendered":"<section class=\"wpb-content-wrapper\"><p>[vc_row][vc_column][vc_empty_space][vc_empty_space][\/vc_column][\/vc_row][vc_row][vc_column width=&#8221;1\/4&#8243;][stm_wp_custommenu nav_menu=&#8221;88&#8243;][\/vc_column][vc_column width=&#8221;3\/4&#8243;][stm_title title_tag=&#8221;h3&#8243; sep_enable=&#8221;true&#8221; title=&#8221;Mesajul directorului&#8221;]Mesajul directorului[\/stm_title][stm_testimonials stm_testimonial_type=&#8221;single_static&#8221; enable_cite_customization=&#8221;true&#8221; cite=&#8221;Director, arhid. prof. dr. Hri\u0219c\u0103 Bogdan &#8211; Mihai&#8221;]\u0218coala noastr\u0103 este locul \u00een care pre\u021buim talantul primit de la Dumnezeu de fiecare elev (cf.\u00a0<em>Matei 25, 14-15<\/em>), \u00eel descoperim \u00eempreun\u0103 \u0219i \u00eel punem \u00een valoare, ancor\u00e2nd eforturile noastre comune \u00een \u00eemplinirea voii lui Dumnezeu, astfel \u00eenc\u00e2t idealul educa\u021bional urm\u0103rit prin activit\u0103\u021bile zilnice s\u0103 nu prind\u0103 contur doar \u00een lumea aceasta, ci s\u0103 se desf\u0103\u0219oare \u00een ve\u0219nicie.<\/p>\n<p>Urm\u0103rim formarea omului \u00een dualitatea sa, trup \u0219i suflet \u0219i punem accent deopotriv\u0103 pe \u00eenv\u0103\u021barea cognitiv\u0103, socio-emo\u021bional\u0103 \u0219i spiritual\u0103.<\/p>\n<p>Suntem o \u0219coal\u0103 cu profil unic \u00een jude\u021b, \u00een care \u00eencerc\u0103m s\u0103 le oferim elevilor nu doar cuno\u0219tin\u021be, \u0219i nici nu urm\u0103rim s\u0103 form\u0103m doar deprinderi, ci dorim s\u0103 le punem \u00eenainte\u00a0 un mod de via\u021b\u0103, \u2026 cea mai frumoas\u0103 via\u021b\u0103, via\u021ba cea fericit\u0103, via\u021ba \u00een Hristos.<\/p>\n<p>Suntem o \u0219coal\u0103, dar, \u00eempreun\u0103 cu fiecare genera\u021bie de elevi absolven\u021bi, tindem s\u0103 credem c\u0103 suntem o familie.[\/stm_testimonials][\/vc_column][\/vc_row][vc_row][vc_column][vc_empty_space][\/vc_column][\/vc_row][vc_row][vc_column][vc_column_text css=&#8221;.vc_custom_1741875718098{margin-bottom: 0px !important;}&#8221;]<\/p>\n<h1>ECHIPA MANAGERIAL\u0102<\/h1>\n<table>\n<tbody>\n<tr>\n<td width=\"387\"><strong>arhid. prof. dr.<\/strong> <strong>HRI\u0218C\u0102 BOGDAN \u2013 MIHAI<\/strong><\/td>\n<td width=\"214\">director<\/td>\n<\/tr>\n<tr>\n<td width=\"387\"><strong>prof.<\/strong> <strong>ACHIH\u0102IE SANDA<\/strong><\/td>\n<td width=\"214\">director adjunct<\/td>\n<\/tr>\n<tr>\n<td width=\"387\"><strong>MIHALACHE MONICA <\/strong><\/td>\n<td width=\"214\">manager program after school<\/td>\n<\/tr>\n<tr>\n<td width=\"387\"><strong>\u0218OLD\u0102NESCU MIHAELA<\/strong><\/td>\n<td width=\"214\">secretar<\/td>\n<\/tr>\n<tr>\n<td width=\"387\"><strong>BUCEVSCHI ANGELA <\/strong><\/td>\n<td width=\"214\">contabil<\/td>\n<\/tr>\n<tr>\n<td width=\"387\"><strong>pr.<\/strong> <strong>ISACHE ADRIAN<\/strong><\/td>\n<td width=\"214\">administrator<\/td>\n<\/tr>\n<tr>\n<td width=\"387\"><strong>HEGHI\u0218 ROXANA <\/strong><\/td>\n<td width=\"214\">administrator<\/td>\n<\/tr>\n<tr>\n<td width=\"387\"><strong>BLEANC\u0102 LILIANA<\/strong><\/td>\n<td width=\"214\">administrator<\/td>\n<\/tr>\n<\/tbody>\n<\/table>\n<p>[\/vc_column_text][vc_empty_space][vc_empty_space][\/vc_column][\/vc_row][vc_row][vc_column][vc_custom_heading text=&#8221;Galerie Foto&#8221;][\/vc_column][\/vc_row][vc_row full_width=&#8221;stretch_row_content_no_spaces&#8221;][vc_column][stm_gallery][\/vc_column][\/vc_row]<\/p>\n<\/section>","protected":false},"excerpt":{"rendered":"<p>[vc_row][vc_column][vc_empty_space][vc_empty_space][\/vc_column][\/vc_row][vc_row][vc_column width=&#8221;1\/4&#8243;][stm_wp_custommenu nav_menu=&#8221;88&#8243;][\/vc_column][vc_column width=&#8221;3\/4&#8243;][stm_title title_tag=&#8221;h3&#8243; sep_enable=&#8221;true&#8221; title=&#8221;Mesajul directorului&#8221;]Mesajul directorului[\/stm_title][stm_testimonials stm_testimonial_type=&#8221;single_static&#8221; enable_cite_customization=&#8221;true&#8221; cite=&#8221;Director, arhid. prof. dr. Hri\u0219c\u0103 Bogdan &#8211; Mihai&#8221;]\u0218coala noastr\u0103 este locul \u00een care pre\u021buim talantul primit de la Dumnezeu de fiecare elev (cf.\u00a0Matei 25, 14-15), \u00eel descoperim \u00eempreun\u0103 \u0219i \u00eel punem \u00een valoare, ancor\u00e2nd eforturile noastre comune \u00een \u00eemplinirea voii lui Dumnezeu, astfel \u00eenc\u00e2t [&hellip;]<\/p>\n","protected":false},"author":2,"featured_media":0,"parent":0,"menu_order":0,"comment_status":"closed","ping_status":"closed","template":"","meta":{"footnotes":""},"class_list":["post-4648","page","type-page","status-publish","hentry"],"_links":{"self":[{"href":"https:\/\/mitropolituldosoftei.ro\/index.php?rest_route=\/wp\/v2\/pages\/4648","targetHints":{"allow":["GET"]}}],"collection":[{"href":"https:\/\/mitropolituldosoftei.ro\/index.php?rest_route=\/wp\/v2\/pages"}],"about":[{"href":"https:\/\/mitropolituldosoftei.ro\/index.php?rest_route=\/wp\/v2\/types\/page"}],"author":[{"embeddable":true,"href":"https:\/\/mitropolituldosoftei.ro\/index.php?rest_route=\/wp\/v2\/users\/2"}],"replies":[{"embeddable":true,"href":"https:\/\/mitropolituldosoftei.ro\/index.php?rest_route=%2Fwp%2Fv2%2Fcomments&post=4648"}],"version-history":[{"count":28,"href":"https:\/\/mitropolituldosoftei.ro\/index.php?rest_route=\/wp\/v2\/pages\/4648\/revisions"}],"predecessor-version":[{"id":5820,"href":"https:\/\/mitropolituldosoftei.ro\/index.php?rest_route=\/wp\/v2\/pages\/4648\/revisions\/5820"}],"wp:attachment":[{"href":"https:\/\/mitropolituldosoftei.ro\/index.php?rest_route=%2Fwp%2Fv2%2Fmedia&parent=4648"}],"curies":[{"name":"wp","href":"https:\/\/api.w.org\/{rel}","templated":true}]}}