{"id":4211,"date":"2023-07-24T11:31:19","date_gmt":"2023-07-24T11:31:19","guid":{"rendered":"https:\/\/spin-software.com\/scoala\/?page_id=4211"},"modified":"2026-03-25T16:11:37","modified_gmt":"2026-03-25T14:11:37","slug":"despre-noi","status":"publish","type":"page","link":"https:\/\/mitropolituldosoftei.ro\/?page_id=4211","title":{"rendered":"Despre noi"},"content":{"rendered":"<section class=\"wpb-content-wrapper\"><p>[vc_row][vc_column width=&#8221;1\/2&#8243;][stm_spacing lg_spacing=&#8221;36px&#8221; md_spacing=&#8221;10px&#8221;][vc_column_text]\u0218coala noastr\u0103 este locul \u00een care pre\u021buim talantul primit de la Dumnezeu de fiecare elev (cf. <em>Matei 25, 14-15<\/em>), \u00eel descoperim \u00eempreun\u0103 \u0219i \u00eel punem \u00een valoare, ancor\u00e2nd eforturile noastre comune \u00een \u00eemplinirea voii lui Dumnezeu, astfel \u00eenc\u00e2t idealul educa\u021bional urm\u0103rit prin activit\u0103\u021bile zilnice s\u0103 nu prind\u0103 contur doar \u00een lumea aceasta, ci s\u0103 se desf\u0103\u0219oare \u00een ve\u0219nicie.<\/p>\n<p>Urm\u0103rim formarea omului \u00een dualitatea sa, trup \u0219i suflet \u0219i punem accent deopotriv\u0103 pe \u00eenv\u0103\u021barea cognitiv\u0103, socio-emo\u021bional\u0103 \u0219i spiritual\u0103.<\/p>\n<p>Suntem o \u0219coal\u0103 cu profil unic \u00een jude\u021b, \u00een care \u00eencerc\u0103m s\u0103 le oferim elevilor nu doar cuno\u0219tin\u021be, \u0219i nici nu urm\u0103rim s\u0103 form\u0103m doar deprinderi, ci dorim s\u0103 le punem \u00eenainte\u00a0 un mod de via\u021b\u0103, &#8230; cea mai frumoas\u0103 via\u021b\u0103, via\u021ba cea fericit\u0103, via\u021ba \u00een Hristos.<\/p>\n<p>Suntem o \u0219coal\u0103, dar, \u00eempreun\u0103 cu fiecare genera\u021bie de elevi absolven\u021bi, tindem s\u0103 credem c\u0103 suntem o familie.<\/p>\n<p>(director, arhid. prof. dr. Hri\u0219c\u0103 Bogdan &#8211; Mihai)[\/vc_column_text][stm_spacing lg_spacing=&#8221;36px&#8221; md_spacing=&#8221;10px&#8221;][\/vc_column][vc_column width=&#8221;1\/2&#8243;][stm_single_image img_id=&#8221;5816&#8243; img_size=&#8221;full&#8221;][\/vc_column][\/vc_row][vc_row][vc_column width=&#8221;1\/3&#8243;][vc_column_text]<strong>Nivelul pre\u0219colar<\/strong>:<\/p>\n<p>Gr\u0103dini\u021ba cu Program Prelungit \u201eSf. Ioan cel Nou\u201d Suceava, aflat\u0103 ast\u0103zi sub coordonarea Seminarului Teologic Liceal Ortodox \u201eMitropolitul Dosoftei\u201d Suceava \u0219i-a \u00eenceput activitatea \u00een anul 2005.\u00a0Aceasta \u00ee\u0219i dorea s\u0103 asigure, pe l\u00e2ng\u0103 componenta educa\u021bional\u0103, \u0219i un climat adecvat pentru cre\u0219terea \u0219i formarea copiilor \u00een spiritul valorilor autentice ale cre\u0219tinismului ortodox.<\/p>\n<p>Valorific\u00e2nd experien\u021ba de p\u00e2n\u0103 acum \u0219i antrena\u021bi fiind spre cre\u0219tere continu\u0103, prin activit\u0103\u021bile educative desf\u0103\u0219urate, prin diversificarea contextelor de \u00eenv\u0103\u021bare \u0219i prin calitatea serviciilor oferite, gr\u0103dini\u021ba a ajuns \u00een prezent s\u0103 \u0219colarizeze 8 grupe de pre\u0219colari, coordona\u021bi de o echip\u0103 didactic\u0103 deja validat\u0103 \u00een ceea ce prive\u0219te preg\u0103tirea didactic\u0103 \u0219i de specialitate.<\/p>\n<p><strong>Oferta educa\u021bional\u0103 2026-2027<\/strong><\/p>\n<ul>\n<li>2 grupe mici<\/li>\n<li>2 grupe mijlocii<\/li>\n<li>4 grupe mari<\/li>\n<\/ul>\n<p>[\/vc_column_text][\/vc_column][vc_column width=&#8221;1\/3&#8243;][vc_column_text]<strong>Nivelurile primar \u0219i gimnazial<\/strong><\/p>\n<p>Nivelurile de \u00eenv\u0103\u021b\u0103m\u00e2nt primar \u0219i gimnazial\u00a0au fost autorizate s\u0103 func\u021bioneze prin\u00a0Ordinul Ministrului Educa\u021biei nr. 4497 din 27.05.2024.<\/p>\n<p>\u00cen prezent echipa didactic\u0103 este alc\u0103tuit\u0103 din personal calificat, motivat, deschis spre inova\u021bie \u0219i spre perfec\u021bionare continu\u0103.<\/p>\n<p>S\u0103lile de clas\u0103 sunt moderne \u0219i echipate adecvat pentru desf\u0103\u0219urarea unor activit\u0103\u021bi didactice de calitate.<\/p>\n<p>\u00cenv\u0103\u021b\u0103m\u00e2ntul este gratuit, exist\u00e2nd \u0219i posibilitatea desf\u0103\u0219ur\u0103rii unor activit\u0103\u021bi de tip after\u2013school, contra cost.<\/p>\n<p><strong>Oferta educa\u021bional\u0103 2026 &#8211; 2027<\/strong><\/p>\n<ul>\n<li><strong>2 clase preg\u0103titoare\u00a0<\/strong><\/li>\n<li><strong>2 clase I<\/strong><\/li>\n<li><strong>clasa a II-a\u00a0<\/strong><\/li>\n<li><strong>clasa a III-a<\/strong><\/li>\n<li><strong>clasa a IV-a\u00a0<\/strong><\/li>\n<li><strong>clasa a V-a\u00a0<\/strong><\/li>\n<li><strong>clasa a VI-a<\/strong><\/li>\n<li><strong>clasa a VII-a\u00a0<\/strong><\/li>\n<li><strong>clasa a VIII-a\u00a0<\/strong><\/li>\n<\/ul>\n<p>[\/vc_column_text][\/vc_column][vc_column width=&#8221;1\/3&#8243;][vc_column_text]<strong>Nivelul liceal<\/strong><\/p>\n<ol style=\"list-style-type: upper-roman;\">\n<li>Urm\u0103rim formarea omului \u00een dualitatea sa, trup \u0219i suflet \u0219i punem accent deopotriv\u0103 pe \u00eenv\u0103\u021barea cognitiv\u0103, socio-emo\u021bional\u0103 \u0219i spiritual\u0103.<\/li>\n<li>Competen\u021bele dezvoltate prin activitatea educa\u021bional\u0103 \u00ee\u0219i g\u0103sesc adev\u0103rata finalitate \u00een m\u0103sura \u00een care urm\u0103resc un sistem axiologic autentic. De aceea avem \u00een vedere formarea unor tineri preg\u0103ti\u021bi pentru societatea de m\u00e2ine, prin promovarea \u0219i tr\u0103irea \u00een cadrul \u0219colii a valorilor incontestabile ale Ortodoxiei, ca r\u0103spunsuri suficiente \u0219i mereu actuale pentru provoc\u0103rile \u0219i \u00eentreb\u0103rile societ\u0103\u021bii contemporane \u0219i ca surs\u0103 inepuizabil\u0103 de cuno\u0219tin\u021be formatoare de abilit\u0103\u021bi \u0219i atitudini necesare pentru a reu\u0219i \u00een via\u021b\u0103 \u0219i pentru a deveni adev\u0103ra\u021bi membri ai Bisericii.<\/li>\n<li>\u0218tim c\u0103 adev\u0103ratele valori se \u00eenva\u021b\u0103 prin vedere, prin experimentare \u0219i prin tr\u0103ire. De aceea ne propunem o \u00eembinare a muncii intelectuale cu rug\u0103ciunea, a timpului petrecut \u00een sala de clas\u0103 cu cel petrecut \u00een Paraclisul \u0219colii sau prin ac\u021biuni extra\u0219colare de calitate, o lucrare continu\u0103 dedicat\u0103 form\u0103rii personale a fiec\u0103rui elev \u0219i cre\u0219terii duhovnice\u0219ti, prin raportare la ceilal\u021bi.<\/li>\n<\/ol>\n<p>[\/vc_column_text][\/vc_column][\/vc_row][vc_row][vc_column][vc_empty_space][vc_empty_space][\/vc_column][\/vc_row][vc_row full_width=&#8221;stretch_row&#8221; css=&#8221;.vc_custom_1690895843552{background-image: url(https:\/\/spin-software.com\/scoala\/wp-content\/uploads\/2023\/07\/main-bg.jpg?id=4442) !important;background-position: center !important;background-repeat: no-repeat !important;background-size: cover !important;}&#8221;][vc_column][vc_row_inner][vc_column_inner width=&#8221;2\/4&#8243;][vc_single_image image=&#8221;5814&#8243; img_size=&#8221;full&#8221;][\/vc_column_inner][vc_column_inner width=&#8221;2\/4&#8243;][stm_title title_tag=&#8221;h3&#8243; title_color=&#8221;custom&#8221; title=&#8221;Dot\u0103rile gr\u0103dini\u021bei&#8221; title_color_custom=&#8221;#ffffff&#8221;][\/stm_title][vc_column_text]<\/p>\n<ul>\n<li style=\"color: #ffffff;\"><span style=\"color: #ffffff;\">9 s\u0103li de grup\u0103 cu mobilier \u015fi material didactic adecvat activit\u0103\u0163ilor desf\u0103\u015furate<\/span><\/li>\n<li style=\"color: #ffffff;\"><span style=\"color: #ffffff;\">3 s\u0103li de mese<\/span><\/li>\n<li style=\"color: #ffffff;\"><span style=\"color: #ffffff;\">Buc\u0103t\u0103rie proprie<\/span><\/li>\n<li style=\"color: #ffffff;\"><span style=\"color: #ffffff;\">Cabinet medical \u00eempreun\u0103 cu izolator<\/span><\/li>\n<li style=\"color: #ffffff;\"><span style=\"color: #ffffff;\">Cabinet logopedic \u015fi psihologic<\/span><\/li>\n<li style=\"color: #ffffff;\"><span style=\"color: #ffffff;\">Sal\u0103 de spectacole<\/span><\/li>\n<li style=\"color: #ffffff;\"><span style=\"color: #ffffff;\">Spa\u0163iu de joac\u0103 \u00een aer liber<\/span><\/li>\n<li style=\"color: #ffffff;\"><span style=\"color: #ffffff;\">6 grupuri sanitare<\/span><\/li>\n<li style=\"color: #ffffff;\"><span style=\"color: #ffffff;\">Vestiare<\/span><\/li>\n<\/ul>\n<p>[\/vc_column_text][\/vc_column_inner][\/vc_row_inner][\/vc_column][\/vc_row][vc_row][vc_column width=&#8221;2\/3&#8243;][stm_spacing][stm_spacing lg_spacing=&#8221;36px&#8221; md_spacing=&#8221;10px&#8221;][\/vc_column][vc_column width=&#8221;1\/3&#8243;][\/vc_column][\/vc_row][vc_row full_width=&#8221;stretch_row&#8221; css=&#8221;.vc_custom_1690897087342{background-position: center !important;background-repeat: no-repeat !important;background-size: cover !important;}&#8221;][vc_column width=&#8221;2\/3&#8243;][stm_title title_tag=&#8221;h3&#8243; title=&#8221;Dot\u0103rile \u0219colii&#8221;][\/stm_title][vc_column_text]<\/p>\n<div class=\"wp-block-columns\">\n<div class=\"wp-block-column\">\n<ul id=\"block-6fc119a8-bb96-4615-9782-1ecb37fc3116\">\n<li>s\u0103li de clas\u0103 moderne, echipate adecvat pentru desf\u0103\u0219urarea unor activit\u0103\u021bi didactice de calitate<\/li>\n<li>Paraclis<\/li>\n<li>internat \u0219i cantin\u0103<\/li>\n<li>cabinet de consiliere psihologic\u0103<\/li>\n<li>cabinet medical<\/li>\n<li>cabinet de informatic\u0103<\/li>\n<li>SmartLab<\/li>\n<li>bibliotec\u0103<\/li>\n<li>cabinet de studiu biblic<\/li>\n<li>sal\u0103 de muzic\u0103<\/li>\n<li>alte spa\u021bii necesare desf\u0103\u0219ur\u0103rii unui act didactic de calitate<\/li>\n<\/ul>\n<\/div>\n<\/div>\n<p>[\/vc_column_text][stm_spacing][vc_empty_space][vc_separator][\/vc_column][vc_column width=&#8221;1\/3&#8243;][stm_title title_tag=&#8221;h3&#8243; sep_enable=&#8221;true&#8221; title=&#8221;\u00centreb\u0103ri cu r\u0103spuns&#8221;][\/stm_title][vc_toggle title=&#8221;De ce s\u0103 studiezi teologia?&#8221; style=&#8221;simple&#8221; color=&#8221;orange&#8221; open=&#8221;true&#8221; css=&#8221;.vc_custom_1747229968286{border-top-width: 1px !important;border-right-width: 1px !important;border-bottom-width: 1px !important;border-left-width: 1px !important;padding-top: 10px !important;padding-right: 10px !important;padding-bottom: 10px !important;padding-left: 10px !important;border-left-color: #dd9933 !important;border-left-style: solid !important;border-right-color: #dd9933 !important;border-right-style: solid !important;border-top-color: #dd9933 !important;border-top-style: solid !important;border-bottom-color: #dd9933 !important;border-bottom-style: solid !important;border-radius: 1px !important;}&#8221;]Teologia este un univers, nu o materie.<\/p>\n<p>Teologia nu are de a face doar cu trecutul, ci inclusiv cu prezentul \u0219i mai ales cu viitorul.<\/p>\n<p>Teologia este un medium, o poart\u0103, o invita\u021bie. La dialog cu tine \u00eensu\u021bi, cu ceilal\u021bi, cu Dumnezeu.<\/p>\n<p>Teologia nu este o garan\u021bie. Nici pentru c\u0103 ai avea credin\u021b\u0103, nici c\u0103 ai fi om bun. Dar ea poate fi o premiz\u0103, un punct de plecare, un sprijin, un reper.<\/p>\n<p>Teologia nu te sechestreaz\u0103. Po\u021bi s\u0103 faci orice dup\u0103 aceea, mai pu\u021bin s\u0103 devii slujitor al for\u021belor \u00eentunericului.<\/p>\n<p>Teologia te poate \u00eenv\u0103\u021ba \u0219coala libert\u0103\u021bii, a iubirii profunde a lui Dumnezeu fa\u021b\u0103 de crea\u021bia lui.<\/p>\n<p style=\"text-align: right;\">(pr. Radu Preda)<\/p>\n<p>[\/vc_toggle][vc_toggle title=&#8221;Care sunt pa\u0219ii pentru admitere?&#8221; style=&#8221;simple&#8221; color=&#8221;orange&#8221; css=&#8221;.vc_custom_1747229997355{border-top-width: 1px !important;border-right-width: 1px !important;border-bottom-width: 1px !important;border-left-width: 1px !important;padding-top: 10px !important;padding-right: 10px !important;padding-bottom: 10px !important;padding-left: 10px !important;border-left-color: #dd9933 !important;border-left-style: solid !important;border-right-color: #dd9933 !important;border-right-style: solid !important;border-top-color: #dd9933 !important;border-top-style: solid !important;border-bottom-color: #dd9933 !important;border-bottom-style: solid !important;border-radius: 1px !important;}&#8221;]Demersurile necesare pentru admiterea \u00een unitatea noastr\u0103 de \u00eenv\u0103\u021b\u0103m\u00e2nt sunt explicate \u00een sec\u021biunea Admitere, pentru fiecare dintre nivelurile de \u00eenv\u0103\u021b\u0103m\u00e2nt existente \u00een unitate: pre\u0219colar, primar, gimnazial \u0219i liceal.<\/p>\n<p>Dac\u0103 ai nel\u0103muriri, a\u0219tept\u0103m s\u0103 ne vizitezi sau s\u0103 ne contactezi folosind datele din sec\u021biunea Contact.[\/vc_toggle][vc_toggle title=&#8221;Care este programul \u0219colar?&#8221; style=&#8221;simple&#8221; color=&#8221;orange&#8221; css=&#8221;.vc_custom_1747230019668{border-top-width: 1px !important;border-right-width: 1px !important;border-bottom-width: 1px !important;border-left-width: 1px !important;padding-top: 10px !important;padding-right: 10px !important;padding-bottom: 10px !important;padding-left: 10px !important;border-left-color: #dd9933 !important;border-left-style: solid !important;border-right-color: #dd9933 !important;border-right-style: solid !important;border-top-color: #dd9933 !important;border-top-style: solid !important;border-bottom-color: #dd9933 !important;border-bottom-style: solid !important;border-radius: 1px !important;}&#8221;]Pentru nivelurile de \u00eenv\u0103\u021b\u0103m\u00e2nt primar, gimnazial \u0219i liceal, programul \u0219colar \u00eencepe de la ora 8.00. \u00cen cadrul unit\u0103\u021bii noastre se desf\u0103\u0219oar\u0103 \u0219i activit\u0103\u021bi after school.[\/vc_toggle][\/vc_column][\/vc_row][vc_row][vc_column][stm_title title=&#8221;DEVIZA \u0218COLII&#8221;]<\/p>\n<h2 class=\"stm-title stm-font_color_dark stm-title_sep_bottom\">DEVIZA \u0218COLII<\/h2>\n<p>[\/stm_title][vc_column_text]<\/p>\n<blockquote><p><em>Lumin\u0103 pentru suflet, educa\u021bie pentru Via\u021b\u0103!<\/em><\/p><\/blockquote>\n<p>[\/vc_column_text][vc_empty_space][\/vc_column][\/vc_row][vc_row][vc_column width=&#8221;1\/3&#8243;][stm_title title_tag=&#8221;h2&#8243; sep_enable=&#8221;true&#8221; title=&#8221;Viziune&#8221;][\/stm_title][vc_column_text]Suntem o \u0219coal\u0103 voca\u021bional\u0103, deschis\u0103 spre nevoile \u0219i preocup\u0103rile genera\u021biilor actuale de elevi, o institu\u021bie care are \u00een vedere formarea unor tineri preg\u0103ti\u021bi pentru societatea de m\u00e2ine, prin promovarea \u0219i tr\u0103irea \u00een cadrul \u0219colii a valorilor incontestabile ale Ortodoxiei, ca r\u0103spunsuri suficiente \u0219i mereu actuale pentru provoc\u0103rile \u0219i nevoile societ\u0103\u021bii contemporane \u0219i ca surs\u0103 inepuizabil\u0103 de cuno\u0219tin\u021be formatoare de abilit\u0103\u021bi \u0219i atitudini necesare pentru a reu\u0219i \u00een via\u021b\u0103.[\/vc_column_text][\/vc_column][vc_column width=&#8221;1\/3&#8243;][stm_title title_tag=&#8221;h2&#8243; sep_enable=&#8221;true&#8221; title=&#8221;Misiune&#8221;]<strong>Misiune<\/strong>[\/stm_title][vc_column_text]Cre\u0219tem \u00eempreun\u0103, cu fiecare \u00een parte![\/vc_column_text][\/vc_column][vc_column width=&#8221;1\/3&#8243;][stm_title title_tag=&#8221;h2&#8243; sep_enable=&#8221;true&#8221; title=&#8221;Valori&#8221;][\/stm_title][vc_column_text]<\/p>\n<ul>\n<li>credin\u021b\u0103<\/li>\n<li>\u00een\u021belepciune<\/li>\n<li>iubire \u0219i responsabilitate<\/li>\n<li>adev\u0103r \u0219i libertate<\/li>\n<\/ul>\n<p>[\/vc_column_text][\/vc_column][\/vc_row][vc_row][vc_column][vc_empty_space][vc_custom_heading text=&#8221;Galerie Foto&#8221;][\/vc_column][\/vc_row][vc_row full_width=&#8221;stretch_row_content_no_spaces&#8221;][vc_column][stm_gallery][\/vc_column][\/vc_row]<\/p>\n<\/section>","protected":false},"excerpt":{"rendered":"<p>[vc_row][vc_column width=&#8221;1\/2&#8243;][stm_spacing lg_spacing=&#8221;36px&#8221; md_spacing=&#8221;10px&#8221;][vc_column_text]\u0218coala noastr\u0103 este locul \u00een care pre\u021buim talantul primit de la Dumnezeu de fiecare elev (cf. Matei 25, 14-15), \u00eel descoperim \u00eempreun\u0103 \u0219i \u00eel punem \u00een valoare, ancor\u00e2nd eforturile noastre comune \u00een \u00eemplinirea voii lui Dumnezeu, astfel \u00eenc\u00e2t idealul educa\u021bional urm\u0103rit prin activit\u0103\u021bile zilnice s\u0103 nu prind\u0103 contur doar \u00een lumea aceasta, [&hellip;]<\/p>\n","protected":false},"author":2,"featured_media":0,"parent":0,"menu_order":0,"comment_status":"closed","ping_status":"closed","template":"","meta":{"footnotes":""},"class_list":["post-4211","page","type-page","status-publish","hentry"],"_links":{"self":[{"href":"https:\/\/mitropolituldosoftei.ro\/index.php?rest_route=\/wp\/v2\/pages\/4211","targetHints":{"allow":["GET"]}}],"collection":[{"href":"https:\/\/mitropolituldosoftei.ro\/index.php?rest_route=\/wp\/v2\/pages"}],"about":[{"href":"https:\/\/mitropolituldosoftei.ro\/index.php?rest_route=\/wp\/v2\/types\/page"}],"author":[{"embeddable":true,"href":"https:\/\/mitropolituldosoftei.ro\/index.php?rest_route=\/wp\/v2\/users\/2"}],"replies":[{"embeddable":true,"href":"https:\/\/mitropolituldosoftei.ro\/index.php?rest_route=%2Fwp%2Fv2%2Fcomments&post=4211"}],"version-history":[{"count":78,"href":"https:\/\/mitropolituldosoftei.ro\/index.php?rest_route=\/wp\/v2\/pages\/4211\/revisions"}],"predecessor-version":[{"id":5969,"href":"https:\/\/mitropolituldosoftei.ro\/index.php?rest_route=\/wp\/v2\/pages\/4211\/revisions\/5969"}],"wp:attachment":[{"href":"https:\/\/mitropolituldosoftei.ro\/index.php?rest_route=%2Fwp%2Fv2%2Fmedia&parent=4211"}],"curies":[{"name":"wp","href":"https:\/\/api.w.org\/{rel}","templated":true}]}}