{"id":2674,"date":"2016-02-25T14:46:04","date_gmt":"2016-02-25T14:46:04","guid":{"rendered":"https:\/\/smartyschool.stylemixthemes.com\/?page_id=2674"},"modified":"2026-03-25T15:51:02","modified_gmt":"2026-03-25T13:51:02","slug":"home-3","status":"publish","type":"page","link":"https:\/\/mitropolituldosoftei.ro\/","title":{"rendered":"Home"},"content":{"rendered":"<section class=\"wpb-content-wrapper\"><p>[vc_row][vc_column offset=&#8221;vc_hidden-lg vc_hidden-md vc_hidden-sm vc_hidden-xs&#8221;][vc_custom_heading text=&#8221;Liceul Teologic \u201eMitropolitul Dosoftei\u201d Suceava&#8221; font_container=&#8221;tag:h1|text_align:left&#8221;][\/vc_column][\/vc_row][vc_row full_width=&#8221;stretch_row&#8221; css=&#8221;.vc_custom_1690271428331{background-image: url(https:\/\/spin-software.com\/scoala\/wp-content\/uploads\/2023\/07\/main-bg.jpg?id=4442) !important;background-position: center !important;background-repeat: no-repeat !important;background-size: cover !important;}&#8221;][vc_column][stm_spacing lg_spacing=&#8221;180&#8243; md_spacing=&#8221;180&#8243; sm_spacing=&#8221;170&#8243; xs_spacing=&#8221;60&#8243;][stm_spacing lg_spacing=&#8221;0&#8243; md_spacing=&#8221;0&#8243; sm_spacing=&#8221;0&#8243; xs_spacing=&#8221;80&#8243;][vc_single_image image=&#8221;5868&#8243; img_size=&#8221;full&#8221; alignment=&#8221;center&#8221;][\/vc_column][\/vc_row][vc_row][vc_column][stm_posts view=&#8221;list&#8221; posts_category=&#8221;noutati&#8221; pagination_enable=&#8221;true&#8221; title=&#8221;Nout\u0103\u021bi&#8221; posts_count=&#8221;3&#8243;][\/vc_column][\/vc_row][vc_row][vc_column width=&#8221;1\/2&#8243;][stm_spacing lg_spacing=&#8221;100&#8243; md_spacing=&#8221;100&#8243; sm_spacing=&#8221;40&#8243; xs_spacing=&#8221;40&#8243;][vc_custom_heading text=&#8221;Descoper\u0103 \u0219coala noastr\u0103&#8221; use_theme_fonts=&#8221;yes&#8221;][vc_column_text]<\/p>\n<div class=\"wpb_text_column wpb_content_element vc_custom_1661195580564\">\n<div class=\"wpb_wrapper\">\n<p><em>\u0218coala noastr\u0103 este locul \u00een care pre\u021buim talantul primit de la Dumnezeu de fiecare elev (cf. Matei 25, 14-15), \u00eel descoperim \u00eempreun\u0103 \u0219i \u00eel punem \u00een valoare, ancor\u00e2nd eforturile noastre comune \u00een \u00eemplinirea voii lui Dumnezeu, astfel \u00eenc\u00e2t idealul educa\u021bional urm\u0103rit prin activit\u0103\u021bile zilnice s\u0103 nu prind\u0103 contur doar \u00een lumea aceasta, ci s\u0103 se desf\u0103\u0219oare \u00een ve\u0219nicie.<\/em><\/p>\n<\/div>\n<\/div>\n<p>[\/vc_column_text][vc_row_inner][vc_column_inner width=&#8221;1\/2&#8243; css=&#8221;.vc_custom_1567600521479{padding-top: 10px !important;}&#8221;][vc_btn title=&#8221;Afl\u0103 mai mult&#8221; link=&#8221;url:https%3A%2F%2Fmitropolituldosoftei.ro%2F%3Fpage_id%3D4211|title:Admitere&#8221;][\/vc_column_inner][\/vc_row_inner][stm_spacing lg_spacing=&#8221;80&#8243; md_spacing=&#8221;80&#8243; sm_spacing=&#8221;0&#8243; xs_spacing=&#8221;40&#8243;][\/vc_column][vc_column width=&#8221;1\/2&#8243; offset=&#8221;vc_hidden-xs&#8221;][stm_spacing lg_spacing=&#8221;80&#8243; md_spacing=&#8221;80&#8243; sm_spacing=&#8221;40&#8243; xs_spacing=&#8221;60&#8243;][stm_single_image img_alignment=&#8221;center&#8221; img_border_radius=&#8221;true&#8221; img_id=&#8221;4814&#8243; img_size=&#8221;full&#8221;][stm_spacing lg_spacing=&#8221;80&#8243; md_spacing=&#8221;80&#8243; sm_spacing=&#8221;100&#8243; xs_spacing=&#8221;60&#8243;][\/vc_column][\/vc_row][vc_row][vc_column][stm_call_to_action btn_link=&#8221;url:https%3A%2F%2Fmitropolituldosoftei.ro%2F%3Fpage_id%3D1092|title:AFL%C4%82%20MAI%20MULT&#8221; title=&#8221;\u00censcriere&#8221; image_id=&#8221;52&#8243; margin=&#8221;margin-top:15px;margin-bottom:16px;&#8221; btn_enable=&#8221;true&#8221; img_enable=&#8221;true&#8221; btn_custom_style=&#8221;true&#8221; btn_icon_enable=&#8221;true&#8221; css=&#8221;.vc_custom_1743960511600{background-image: url(https:\/\/spin-software.com\/scoala\/wp-content\/uploads\/2023\/07\/cta_bg.jpg?id=4870) !important;border-radius: 5px !important;}&#8221;]<strong>Dac\u0103-\u021bi iube\u0219ti copilul, arat-o prin educa\u021bia pe care i-o dai!<\/strong><\/p>\n<p style=\"text-align: right;\">(Sf\u00e2ntul Ioan Gura de Aur)<\/p>\n<p>[\/stm_call_to_action][\/vc_column][\/vc_row][vc_row][vc_column][vc_empty_space][vc_empty_space][\/vc_column][\/vc_row][vc_row full_width=&#8221;stretch_row&#8221; css=&#8221;.vc_custom_1690271530832{background-image: url(https:\/\/spin-software.com\/scoala\/wp-content\/uploads\/2023\/07\/main-bg.jpg?id=4442) !important;background-position: center !important;background-repeat: no-repeat !important;background-size: cover !important;}&#8221;][vc_column][stm_spacing lg_spacing=&#8221;74&#8243; md_spacing=&#8221;74&#8243; sm_spacing=&#8221;40&#8243; xs_spacing=&#8221;30&#8243;][vc_row_inner][vc_column_inner offset=&#8221;vc_col-lg-6&#8243;][vc_custom_heading text=&#8221;\u0218coala \u00een cifre \u0219i procente&#8221; font_container=&#8221;tag:h2|text_align:left|color:%23ffffff&#8221; use_theme_fonts=&#8221;yes&#8221; css=&#8221;.vc_custom_1743856755855{margin-bottom: 30px !important;}&#8221;][\/vc_column_inner][\/vc_row_inner][stm_spacing lg_spacing=&#8221;0&#8243; md_spacing=&#8221;40&#8243; sm_spacing=&#8221;40&#8243; xs_spacing=&#8221;40&#8243;][vc_row_inner][vc_column_inner width=&#8221;1\/2&#8243; offset=&#8221;vc_col-lg-3 vc_col-xs-6&#8243;][stm_stats count_grouping=&#8221;true&#8221; value=&#8221;100&#8243; desc=&#8221;Personal didactic calificat&#8221; value_color=&#8221;#ff9232&#8243; value_font_size=&#8221;40px&#8221; desc_color=&#8221;rgba(255,255,255,0.5)&#8221; desc_font_size=&#8221;14px&#8221; count_suffix=&#8221;%&#8221;][stm_spacing md_spacing=&#8221;30&#8243; sm_spacing=&#8221;30&#8243; xs_spacing=&#8221;30&#8243;][\/vc_column_inner][vc_column_inner width=&#8221;1\/2&#8243; offset=&#8221;vc_col-lg-3 vc_col-xs-6&#8243;][stm_stats count_grouping=&#8221;true&#8221; value=&#8221;609&#8243; desc=&#8221;Elevi \u0219i pre\u0219colari&#8221; value_color=&#8221;#ff9232&#8243; value_font_size=&#8221;40px&#8221; desc_color=&#8221;rgba(255,255,255,0.5)&#8221; desc_font_size=&#8221;14px&#8221;][stm_spacing md_spacing=&#8221;30&#8243; sm_spacing=&#8221;30&#8243; xs_spacing=&#8221;30&#8243;][\/vc_column_inner][vc_column_inner width=&#8221;1\/2&#8243; offset=&#8221;vc_col-lg-3 vc_col-xs-6&#8243;][stm_stats count_grouping=&#8221;true&#8221; value=&#8221;100&#8243; desc=&#8221;Procentul de promovabilitate la ultimul examen na\u021bional (BAC 2025 &#8211; promo\u021bie curent\u0103)&#8221; value_color=&#8221;#ff9232&#8243; value_font_size=&#8221;40px&#8221; desc_color=&#8221;rgba(255,255,255,0.5)&#8221; desc_font_size=&#8221;14px&#8221; count_suffix=&#8221;%&#8221;][stm_spacing md_spacing=&#8221;30&#8243; sm_spacing=&#8221;30&#8243; xs_spacing=&#8221;30&#8243;][\/vc_column_inner][vc_column_inner width=&#8221;1\/2&#8243; offset=&#8221;vc_col-lg-3 vc_col-xs-6&#8243;][stm_stats count_grouping=&#8221;true&#8221; value=&#8221;106&#8243; desc=&#8221;Angaja\u021bi&#8221; value_color=&#8221;#ff9232&#8243; value_font_size=&#8221;40px&#8221; desc_color=&#8221;rgba(255,255,255,0.5)&#8221; desc_font_size=&#8221;14px&#8221;][\/vc_column_inner][\/vc_row_inner][stm_spacing lg_spacing=&#8221;74&#8243; md_spacing=&#8221;74&#8243; sm_spacing=&#8221;40&#8243; xs_spacing=&#8221;70&#8243;][vc_empty_space][\/vc_column][\/vc_row][vc_row][vc_column][stm_spacing lg_spacing=&#8221;36&#8243; md_spacing=&#8221;36&#8243; sm_spacing=&#8221;36&#8243; xs_spacing=&#8221;36&#8243;][vc_custom_heading text=&#8221;Galerie Foto&#8221; use_theme_fonts=&#8221;yes&#8221; css=&#8221;.vc_custom_1690539282589{padding-top: 5px !important;}&#8221;][\/vc_column][\/vc_row][vc_row full_width=&#8221;stretch_row_content_no_spaces&#8221;][vc_column][stm_gallery][\/vc_column][\/vc_row]<\/p>\n<\/section>","protected":false},"excerpt":{"rendered":"<p>[vc_row][vc_column offset=&#8221;vc_hidden-lg vc_hidden-md vc_hidden-sm vc_hidden-xs&#8221;][vc_custom_heading text=&#8221;Liceul Teologic \u201eMitropolitul Dosoftei\u201d Suceava&#8221; font_container=&#8221;tag:h1|text_align:left&#8221;][\/vc_column][\/vc_row][vc_row full_width=&#8221;stretch_row&#8221; css=&#8221;.vc_custom_1690271428331{background-image: url(https:\/\/spin-software.com\/scoala\/wp-content\/uploads\/2023\/07\/main-bg.jpg?id=4442) !important;background-position: center !important;background-repeat: no-repeat !important;background-size: cover !important;}&#8221;][vc_column][stm_spacing lg_spacing=&#8221;180&#8243; md_spacing=&#8221;180&#8243; sm_spacing=&#8221;170&#8243; xs_spacing=&#8221;60&#8243;][stm_spacing lg_spacing=&#8221;0&#8243; md_spacing=&#8221;0&#8243; sm_spacing=&#8221;0&#8243; xs_spacing=&#8221;80&#8243;][vc_single_image image=&#8221;5868&#8243; img_size=&#8221;full&#8221; alignment=&#8221;center&#8221;][\/vc_column][\/vc_row][vc_row][vc_column][stm_posts view=&#8221;list&#8221; posts_category=&#8221;noutati&#8221; pagination_enable=&#8221;true&#8221; title=&#8221;Nout\u0103\u021bi&#8221; posts_count=&#8221;3&#8243;][\/vc_column][\/vc_row][vc_row][vc_column width=&#8221;1\/2&#8243;][stm_spacing lg_spacing=&#8221;100&#8243; md_spacing=&#8221;100&#8243; sm_spacing=&#8221;40&#8243; xs_spacing=&#8221;40&#8243;][vc_custom_heading text=&#8221;Descoper\u0103 \u0219coala noastr\u0103&#8221; use_theme_fonts=&#8221;yes&#8221;][vc_column_text] \u0218coala noastr\u0103 este locul \u00een care pre\u021buim talantul primit [&hellip;]<\/p>\n","protected":false},"author":1,"featured_media":0,"parent":0,"menu_order":0,"comment_status":"closed","ping_status":"closed","template":"","meta":{"footnotes":""},"class_list":["post-2674","page","type-page","status-publish","hentry"],"_links":{"self":[{"href":"https:\/\/mitropolituldosoftei.ro\/index.php?rest_route=\/wp\/v2\/pages\/2674","targetHints":{"allow":["GET"]}}],"collection":[{"href":"https:\/\/mitropolituldosoftei.ro\/index.php?rest_route=\/wp\/v2\/pages"}],"about":[{"href":"https:\/\/mitropolituldosoftei.ro\/index.php?rest_route=\/wp\/v2\/types\/page"}],"author":[{"embeddable":true,"href":"https:\/\/mitropolituldosoftei.ro\/index.php?rest_route=\/wp\/v2\/users\/1"}],"replies":[{"embeddable":true,"href":"https:\/\/mitropolituldosoftei.ro\/index.php?rest_route=%2Fwp%2Fv2%2Fcomments&post=2674"}],"version-history":[{"count":111,"href":"https:\/\/mitropolituldosoftei.ro\/index.php?rest_route=\/wp\/v2\/pages\/2674\/revisions"}],"predecessor-version":[{"id":5962,"href":"https:\/\/mitropolituldosoftei.ro\/index.php?rest_route=\/wp\/v2\/pages\/2674\/revisions\/5962"}],"wp:attachment":[{"href":"https:\/\/mitropolituldosoftei.ro\/index.php?rest_route=%2Fwp%2Fv2%2Fmedia&parent=2674"}],"curies":[{"name":"wp","href":"https:\/\/api.w.org\/{rel}","templated":true}]}}