{"id":241,"date":"2015-12-09T11:01:42","date_gmt":"2015-12-09T11:01:42","guid":{"rendered":"https:\/\/smartyschool.stylemixthemes.com\/?page_id=241"},"modified":"2025-04-07T02:43:29","modified_gmt":"2025-04-06T23:43:29","slug":"about-our-school","status":"publish","type":"page","link":"https:\/\/mitropolituldosoftei.ro\/?page_id=241","title":{"rendered":"Nivelul primar"},"content":{"rendered":"<section class=\"wpb-content-wrapper\"><p>[vc_row][vc_column width=&#8221;1\/2&#8243;][vc_empty_space][vc_empty_space][stm_title title_tag=&#8221;h2&#8243; title=&#8221;Oferta educa\u021bional\u0103 pentru anul \u0219colar 2025-2026&#8243;]<strong>Oferta educa\u021bional\u0103 pentru anul \u0219colar 2025-2026<\/strong>[\/stm_title][vc_column_text]<\/p>\n<ul>\n<li><strong>clas\u0103 preg\u0103titoare <\/strong>(pentru detalii a se vedea sec\u021biunea admitere)<\/li>\n<li><strong>clasa I<\/strong><\/li>\n<li><strong>clasa a II-a <\/strong>(locuri disponibile)<\/li>\n<li><strong>clasa a III-a<\/strong><\/li>\n<li><strong>clasa a IV-a <\/strong>(locuri disponibile)<\/li>\n<\/ul>\n<p>[\/vc_column_text][\/vc_column][vc_column width=&#8221;1\/2&#8243;][stm_single_image img_id=&#8221;5247&#8243; img_size=&#8221;755&#215;562&#8243;][\/vc_column][\/vc_row][vc_row][vc_column][vc_empty_space][stm_title title_tag=&#8221;h2&#8243; title=&#8221;Baza material\u0103 destinat\u0103 activit\u0103\u021bilor cu elevii&#8221;][\/stm_title][vc_column_text]<\/p>\n<ul>\n<li>s\u0103li de clas\u0103 moderne, echipate adecvat pentru desf\u0103\u0219urarea unor activit\u0103\u021bi didactice de calitate<\/li>\n<li>cabinet de consiliere psihologic\u0103<\/li>\n<li>cabinet medical<\/li>\n<li>minibibliotec\u0103 \u0219i spa\u021biu de lectur\u0103<\/li>\n<li>spa\u021bii pentru desf\u0103\u0219urarea activit\u0103\u021bilor artistice \u0219i sportive<\/li>\n<li>alte spa\u021bii necesare desf\u0103\u0219ur\u0103rii unui act didactic de calitate<\/li>\n<\/ul>\n<p>[\/vc_column_text][\/vc_column][\/vc_row][vc_row][vc_column][vc_empty_space][stm_title title_tag=&#8221;h2&#8243; title=&#8221;Ce ne mai recomand\u0103?&#8221;]<strong>Ce ne mai recomand\u0103?<\/strong>[\/stm_title][vc_column_text]<\/p>\n<ul>\n<li>educa\u021bie \u00een spiritul valorilor cre\u0219tine autentice<\/li>\n<li>consiliere religioas\u0103 \u0219i activit\u0103\u021bi specifice educa\u021biei religioase<\/li>\n<li>personal didactic calificat 100%<\/li>\n<li>cadre didactice motivate, deschise spre inova\u021bie \u0219i spre perfec\u021bionare continu\u0103<\/li>\n<li>activit\u0103\u021bi extracurriculare diverse \u0219i de calitate<\/li>\n<li>rezultate deosebite ob\u021binute de elevi la concursuri \u0219colare<\/li>\n<li>program after school<\/li>\n<\/ul>\n<p>[\/vc_column_text][\/vc_column][\/vc_row][vc_row][vc_column][vc_empty_space][vc_custom_heading text=&#8221;Galerie Foto&#8221;][\/vc_column][\/vc_row][vc_row full_width=&#8221;stretch_row_content_no_spaces&#8221;][vc_column][stm_gallery][\/vc_column][\/vc_row]<\/p>\n<\/section>","protected":false},"excerpt":{"rendered":"<p>[vc_row][vc_column width=&#8221;1\/2&#8243;][vc_empty_space][vc_empty_space][stm_title title_tag=&#8221;h2&#8243; title=&#8221;Oferta educa\u021bional\u0103 pentru anul \u0219colar 2025-2026&#8243;]Oferta educa\u021bional\u0103 pentru anul \u0219colar 2025-2026[\/stm_title][vc_column_text] clas\u0103 preg\u0103titoare (pentru detalii a se vedea sec\u021biunea admitere) clasa I clasa a II-a (locuri disponibile) clasa a III-a clasa a IV-a (locuri disponibile) [\/vc_column_text][\/vc_column][vc_column width=&#8221;1\/2&#8243;][stm_single_image img_id=&#8221;5247&#8243; img_size=&#8221;755&#215;562&#8243;][\/vc_column][\/vc_row][vc_row][vc_column][vc_empty_space][stm_title title_tag=&#8221;h2&#8243; title=&#8221;Baza material\u0103 destinat\u0103 activit\u0103\u021bilor cu elevii&#8221;][\/stm_title][vc_column_text] s\u0103li de clas\u0103 moderne, echipate adecvat [&hellip;]<\/p>\n","protected":false},"author":1,"featured_media":0,"parent":0,"menu_order":0,"comment_status":"closed","ping_status":"closed","template":"","meta":{"footnotes":""},"class_list":["post-241","page","type-page","status-publish","hentry"],"_links":{"self":[{"href":"https:\/\/mitropolituldosoftei.ro\/index.php?rest_route=\/wp\/v2\/pages\/241","targetHints":{"allow":["GET"]}}],"collection":[{"href":"https:\/\/mitropolituldosoftei.ro\/index.php?rest_route=\/wp\/v2\/pages"}],"about":[{"href":"https:\/\/mitropolituldosoftei.ro\/index.php?rest_route=\/wp\/v2\/types\/page"}],"author":[{"embeddable":true,"href":"https:\/\/mitropolituldosoftei.ro\/index.php?rest_route=\/wp\/v2\/users\/1"}],"replies":[{"embeddable":true,"href":"https:\/\/mitropolituldosoftei.ro\/index.php?rest_route=%2Fwp%2Fv2%2Fcomments&post=241"}],"version-history":[{"count":20,"href":"https:\/\/mitropolituldosoftei.ro\/index.php?rest_route=\/wp\/v2\/pages\/241\/revisions"}],"predecessor-version":[{"id":5828,"href":"https:\/\/mitropolituldosoftei.ro\/index.php?rest_route=\/wp\/v2\/pages\/241\/revisions\/5828"}],"wp:attachment":[{"href":"https:\/\/mitropolituldosoftei.ro\/index.php?rest_route=%2Fwp%2Fv2%2Fmedia&parent=241"}],"curies":[{"name":"wp","href":"https:\/\/api.w.org\/{rel}","templated":true}]}}